{"id":592,"date":"2014-03-19T15:23:11","date_gmt":"2014-03-19T15:23:11","guid":{"rendered":"http:\/\/the7.dream-demo.com\/business\/?page_id=592"},"modified":"2021-12-01T07:57:56","modified_gmt":"2021-12-01T06:57:56","slug":"homepage","status":"publish","type":"page","link":"https:\/\/cdu-main-tauber.de\/","title":{"rendered":"HOME"},"content":{"rendered":"<p>[vc_row][vc_column css=&#8220;.vc_custom_1610357610786{padding-top: 90px !important;padding-bottom: 90px !important;}&#8220;][vc_custom_heading text=&#8220;Herzlich willkommen bei der CDU Main-Tauber!&#8220; font_container=&#8220;tag:h2|text_align:center&#8220; google_fonts=&#8220;font_family:Shadows%20Into%20Light%3Aregular|font_style:400%20regular%3A400%3Anormal&#8220; css_animation=&#8220;fadeIn&#8220;][vc_column_text]Wir als CDU-Kreisverband im Main-Tauber-Kreis sind seit vielen Jahren die st\u00e4rkste politische Kraft in der Region. Hierf\u00fcr danken wir den Menschen vor Ort herzlich. Mit unserer Politik f\u00fcr den l\u00e4ndlichen Raum ist es uns gelungen, unsere Heimat zu entwickeln und f\u00fcr die Zukunft fit zu machen. Dies ist auch weiterhin unser Ziel. Mit unseren Abgeordneten im Landtag und Bundestag k\u00e4mpfen wir gemeinsam mit dem Amts- und Mandatstr\u00e4gern an der Basis f\u00fcr eine lebens- und liebenswerte Heimat. Wir freuen uns dabei auch auf Ihre Unterst\u00fctzung. Nutzen Sie die Gelegenheit, sich \u00fcber unsere Arbeit zu informieren.<\/p>\n<p>Als gro\u00dfe Volkspartei sch\u00f6pfen wir unsere Kraft besonders aus einer breiten Basis, die wir in zahlreichen Orts- und Stadtverb\u00e4nden in der Union in vielen Jahren aufgebaut haben. Wir als CDU sind davon \u00fcberzeugt, dass unsere Ziele und die politischen Konzepte, die wir st\u00e4ndig weiterentwickeln, die Menschen in unserer Heimat in eine stabile und sichere Zukunft f\u00fchren k\u00f6nnen. Auch danken wir jedem Einzelnen, der sich mit seinem guten Namen f\u00fcr die Sache der Union engagiert. Das Ehrenamt ist unbezahlt aber unbezahlbar! Aktuelle Entwicklungen k\u00f6nnen Sie auch auf unseren Seiten der sozialen Medien wie Facebook oder Instagram verfolgen.[\/vc_column_text][\/vc_column][\/vc_row][vc_row bg_type=&#8220;bg_color&#8220; bg_override=&#8220;ex-full&#8220; type=&#8220;vc_default&#8220; margin_top=&#8220;-50&#8243; anchor=&#8220;about&#8220; bg_color_value=&#8220;#f8f8f9&#8243; css=&#8220;.vc_custom_1610360581524{padding-top: 40px !important;padding-bottom: 10px !important;}&#8220;][vc_column css=&#8220;.vc_custom_1478304300524{padding-right: 30px !important;padding-left: 30px !important;}&#8220;]<div id=\"ultimate-heading-16886a04e90ab404a\" class=\"uvc-heading ult-adjust-bottom-margin ultimate-heading-16886a04e90ab404a uvc-9326 \" data-hspacer=\"no_spacer\"  data-halign=\"center\" style=\"text-align:center\"><div class=\"uvc-heading-spacer no_spacer\" style=\"top\"><\/div><div class=\"uvc-main-heading ult-responsive\"  data-ultimate-target='.uvc-heading.ultimate-heading-16886a04e90ab404a h2'  data-responsive-json-new='{\"font-size\":\"desktop:40px;mobile_landscape:40px;\",\"line-height\":\"desktop:66px;mobile_landscape:50px;\"}' ><h2 style=\"--font-weight:theme;margin-bottom:5px;\">AKTUELLES<\/h2><\/div><div class=\"uvc-sub-heading ult-responsive\"  data-ultimate-target='.uvc-heading.ultimate-heading-16886a04e90ab404a .uvc-sub-heading '  data-responsive-json-new='{\"font-size\":\"desktop:20px;mobile_landscape:20px;\",\"line-height\":\"desktop:36px;mobile_landscape:30px;\"}'  style=\"font-weight:normal;color:#adb0b6;margin-bottom:5px;\">Was gibt es neues von der CDU Main-Tauber?<\/div><\/div>[\/vc_column][\/vc_row][vc_row bg_type=&#8220;bg_color&#8220; seperator_enable=&#8220;seperator_enable_value&#8220; seperator_type=&#8220;triangle_svg_seperator&#8220; seperator_svg_height=&#8220;30&#8243; seperator_shape_background=&#8220;#f8f8f9&#8243; type=&#8220;vc_default&#8220; margin_top=&#8220;85&#8243; margin_bottom=&#8220;30&#8243; css=&#8220;.vc_custom_1610360019715{padding-top: 100px !important;background-color: #ffffff !important;}&#8220; bg_color_value=&#8220;#ffffff&#8220;][vc_column width=&#8220;1\/3&#8243; css=&#8220;.vc_custom_1530259839997{padding-right: 30px !important;padding-bottom: 40px !important;padding-left: 30px !important;}&#8220;][vc_raw_html]JTNDaWZyYW1lJTIwc3JjJTNEJTIyaHR0cHMlM0ElMkYlMkZ3d3cuZmFjZWJvb2suY29tJTJGcGx1Z2lucyUyRnBhZ2UucGhwJTNGaHJlZiUzRGh0dHBzJTI1M0ElMjUyRiUyNTJGd3d3LmZhY2Vib29rLmNvbSUyNTJGY2R1Lm1haW50YXViZXIlMjZ0YWJzJTNEdGltZWxpbmUlMjZ3aWR0aCUzRDM0MCUyNmhlaWdodCUzRDUwMCUyNnNtYWxsX2hlYWRlciUzRGZhbHNlJTI2YWRhcHRfY29udGFpbmVyX3dpZHRoJTNEdHJ1ZSUyNmhpZGVfY292ZXIlM0RmYWxzZSUyNnNob3dfZmFjZXBpbGUlM0RmYWxzZSUyNmFwcElkJTIyJTIwd2lkdGglM0QlMjIzNDAlMjIlMjBoZWlnaHQlM0QlMjI1MDAlMjIlMjBzdHlsZSUzRCUyMmJvcmRlciUzQW5vbmUlM0JvdmVyZmxvdyUzQWhpZGRlbiUyMiUyMHNjcm9sbGluZyUzRCUyMm5vJTIyJTIwZnJhbWVib3JkZXIlM0QlMjIwJTIyJTIwYWxsb3dmdWxsc2NyZWVuJTNEJTIydHJ1ZSUyMiUyMGFsbG93JTNEJTIyYXV0b3BsYXklM0IlMjBjbGlwYm9hcmQtd3JpdGUlM0IlMjBlbmNyeXB0ZWQtbWVkaWElM0IlMjBwaWN0dXJlLWluLXBpY3R1cmUlM0IlMjB3ZWItc2hhcmUlMjIlM0UlM0MlMkZpZnJhbWUlM0U=[\/vc_raw_html][\/vc_column][vc_column width=&#8220;1\/3&#8243;][vc_raw_html]JTNDaWZyYW1lJTIwc3JjJTNEJTIyaHR0cHMlM0ElMkYlMkZ3d3cuZmFjZWJvb2suY29tJTJGcGx1Z2lucyUyRnBhZ2UucGhwJTNGaHJlZiUzRGh0dHBzJTI1M0ElMjUyRiUyNTJGd3d3LmZhY2Vib29rLmNvbSUyNTJGcmVpbmhhcnQubWRsJTI2dGFicyUzRHRpbWVsaW5lJTI2d2lkdGglM0QzNDAlMjZoZWlnaHQlM0Q1MDAlMjZzbWFsbF9oZWFkZXIlM0RmYWxzZSUyNmFkYXB0X2NvbnRhaW5lcl93aWR0aCUzRHRydWUlMjZoaWRlX2NvdmVyJTNEZmFsc2UlMjZzaG93X2ZhY2VwaWxlJTNEZmFsc2UlMjZhcHBJZCUyMiUyMHdpZHRoJTNEJTIyMzQwJTIyJTIwaGVpZ2h0JTNEJTIyNTAwJTIyJTIwc3R5bGUlM0QlMjJib3JkZXIlM0Fub25lJTNCb3ZlcmZsb3clM0FoaWRkZW4lMjIlMjBzY3JvbGxpbmclM0QlMjJubyUyMiUyMGZyYW1lYm9yZGVyJTNEJTIyMCUyMiUyMGFsbG93ZnVsbHNjcmVlbiUzRCUyMnRydWUlMjIlMjBhbGxvdyUzRCUyMmF1dG9wbGF5JTNCJTIwY2xpcGJvYXJkLXdyaXRlJTNCJTIwZW5jcnlwdGVkLW1lZGlhJTNCJTIwcGljdHVyZS1pbi1waWN0dXJlJTNCJTIwd2ViLXNoYXJlJTIyJTNFJTNDJTJGaWZyYW1lJTNF[\/vc_raw_html][\/vc_column][vc_column width=&#8220;1\/3&#8243;][vc_raw_html]JTNDaWZyYW1lJTIwc3JjJTNEJTIyaHR0cHMlM0ElMkYlMkZ3d3cuZmFjZWJvb2suY29tJTJGcGx1Z2lucyUyRnBhZ2UucGhwJTNGaHJlZiUzRGh0dHBzJTI1M0ElMjUyRiUyNTJGd3d3LmZhY2Vib29rLmNvbSUyNTJGd2Fya2VubmluYSUyNnRhYnMlM0R0aW1lbGluZSUyNndpZHRoJTNEMzQwJTI2aGVpZ2h0JTNENTAwJTI2c21hbGxfaGVhZGVyJTNEZmFsc2UlMjZhZGFwdF9jb250YWluZXJfd2lkdGglM0R0cnVlJTI2aGlkZV9jb3ZlciUzRGZhbHNlJTI2c2hvd19mYWNlcGlsZSUzRHRydWUlMjZhcHBJZCUyMiUyMHdpZHRoJTNEJTIyMzQwJTIyJTIwaGVpZ2h0JTNEJTIyNTAwJTIyJTIwc3R5bGUlM0QlMjJib3JkZXIlM0Fub25lJTNCb3ZlcmZsb3clM0FoaWRkZW4lMjIlMjBzY3JvbGxpbmclM0QlMjJubyUyMiUyMGZyYW1lYm9yZGVyJTNEJTIyMCUyMiUyMGFsbG93ZnVsbHNjcmVlbiUzRCUyMnRydWUlMjIlMjBhbGxvdyUzRCUyMmF1dG9wbGF5JTNCJTIwY2xpcGJvYXJkLXdyaXRlJTNCJTIwZW5jcnlwdGVkLW1lZGlhJTNCJTIwcGljdHVyZS1pbi1waWN0dXJlJTNCJTIwd2ViLXNoYXJlJTIyJTNFJTNDJTJGaWZyYW1lJTNF[\/vc_raw_html][\/vc_column][\/vc_row][vc_row][vc_column][vc_single_image image=&#8220;15263&#8243; img_size=&#8220;full&#8220;]<div id=\"ultimate-heading-97596a04e90ab408c\" class=\"uvc-heading ult-adjust-bottom-margin ultimate-heading-97596a04e90ab408c uvc-3044 \" data-hspacer=\"no_spacer\"  data-halign=\"center\" style=\"text-align:center\"><div class=\"uvc-heading-spacer no_spacer\" style=\"top\"><\/div><div class=\"uvc-main-heading ult-responsive\"  data-ultimate-target='.uvc-heading.ultimate-heading-97596a04e90ab408c h2'  data-responsive-json-new='{\"font-size\":\"desktop:40px;mobile_landscape:40px;\",\"line-height\":\"desktop:66px;mobile_landscape:50px;\"}' ><h2 style=\"--font-weight:theme;margin-bottom:5px;\">JHV der Senioren-Union TBB in Unterbalbach<\/h2><\/div><\/div>[vc_column_text]Unterbalbach \/ Main-Tauber-Kreis. Wahlen und ein R\u00fcckblick standen im Mittelpunkt der Jahreshauptversammlung des Kreisverbandes Main-Tauber der Senioren-Union (SU). Als Ehrengast konnte der Kreisvorsitzende Walter Lutz im Langasthof \u201eZum Hirschen\u201c in Oberbalbach die CDU-Bundestagsabgeordnete und Kandidatin des Wahlkreises 276 Odenwald-Tauber Nina Warken begr\u00fc\u00dfen, die einen Impulsvortrag zu aktuellen politischen Themen hielt.<\/p>\n<p>\u201eAls im August 2019 die letzte Jahreshauptversammlung stattfand, konnte niemand ahnen, dass wenige Monate sp\u00e4ter das \u00f6ffentliche und teilweise auch private Leben sehr stark nach unten gefahren w\u00fcrde\u201c, erinnerte Lutz in seinem R\u00fcckblick im Anschluss an ein Ehrengedenken f\u00fcr die in den vergangenen Jahren verstorbenen Mitglieder der Kreis-SU.<\/p>\n<p>Am Tag der Deutschen Einheit 2019 wurde Werner Keppner aus K\u00f6nigshofen in Beckstein durch \u00dcberreichen einer Urkunde zum Ehrenvorsitzenden der SU Main-Tauber im Beisein des CDU-Kreisvorsitzenden Prof. Dr. Wolfgang Reinhart ernennt. \u201eDanach mussten alle f\u00fcr das Jahr 2020 geplanten Veranstaltungen ausfallen\u201c, bedauerte Werner Lutz. Einzige Ausnahme sei eine gemeinsame Veranstaltung mit der Frauen Union und der Jungen Union zum Thema Rente speziell mit Blick auf die Frauen gewesen.<\/p>\n<p>\u201eWir auf dem Land hatten es w\u00e4hrend des Lockdowns noch relativ gut, konnten wir doch in den angrenzenden Wiesen und W\u00e4lder spazieren gehen. Die Bedeutung der D\u00f6rfer wurde neu entdeckt. Homeoffice hat in vielen Bereichen die Qualit\u00e4t des Lebens auf dem Land in einem ganz anderen Licht erscheinen lassen\u201c, res\u00fcmierte der Kreisverbandsvorsitzende. Im Juli 2020 traf sich MdB Nina Warken bei einem \u201eAntrittsbesuch\u201c mit der SU in Tauberbischofsheim.<\/p>\n<p>\u201eDer Kreis bei zwei digitalen Onlinekonferenzen war zwar kleiner als bei Pr\u00e4senzveranstaltungen, aber immerhin konnten wir miteinander reden, diskutieren sowie uns gegenseitig anl\u00e4cheln. Den pers\u00f6nlichen, direkten Kontakt kann es aber nicht ersetzen\u201c, konstatierte Lutz, der zudem die Vorteile von Onlinekonferenzen erl\u00e4uterte. Beispielsweise konnten sich 40 Personen die Fahrt nach Stuttgart ersparen, da ein Gespr\u00e4ch der SU-Kreisvorsitzenden mit dem Landesvorsitzenden Reiner Wieland entsprechend online stattfand.<\/p>\n<p>In einem Gru\u00dfwort und Impulsvortrag berichtete MdB Nina Warken unter anderem \u00fcber ihr aktuelles Wahlkampfprogramm. \u201eIch merke unterschiedliche und wechselnde Stimmungen bei Umfragen. Es wird viel \u00fcber \u00c4u\u00dferliches gesprochen, wir sollten uns jedoch anstelle jedem kleinsten Detail vielmehr den wesentlichen Inhalten widmen\u201c, appellierte Warken. Viele W\u00e4hler seien unsicher und noch unentschlossen.<\/p>\n<p>\u201eWir wissen, dass es in unserer Raumschaft sehr viele Sympathien f\u00fcr Marcus S\u00f6der gegeben hat, jedoch kann sich Armin Laschet als Kanzlerkandidat durchaus sehen lassen\u201c, betonte sie. Man sollte genauso dar\u00fcber sprechen, welche Rolle Olaf Scholz zum Beispiel bei der Wirecard-Aff\u00e4re gespielt habe.<\/p>\n<p>\u201eIch merke, dass wir mit unseren Inhalten und Zielen durchaus \u00fcberzeugen k\u00f6nnen. Die CDU und Kanzlerin Angela Merkel haben in den vergangenen 16 Jahren eine solide Regierungsarbeit geleistet\u201c, bilanzierte Warken. \u201eWir wollen keine ideologische Klimapolitik und Sicherheitspolitik, keine Steuererh\u00f6hungen Randgruppenpolitik oder Neiddebatte, sondern eine Politik mit Augenma\u00df und f\u00fcr alle Menschen\u201c, gab sie als Devisen aus.<\/p>\n<p>Bei der Klimapolitik bedeute dies, alle Unternehmen, Landwirte und B\u00fcrger, die dazu bereit seien, an Bord zu nehmen, ohne dass sie \u00fcberbelastet w\u00fcrden. \u201eKompromisse sind in der Politik oft unvermeidbar, aber pragmatische Ergebnisse. \u201eWir brauchen keine vermeintlich einfachen L\u00f6sungen. Die CDU bietet eine verl\u00e4ssliche und solide Politik und Programmatik, auch f\u00fcr den L\u00e4ndlichen Raum\u201c, beteuerte die Abgeordnete. \u201eWir m\u00fcssen zwar in den kommenden Wochen nochmal richtig Gas geben, dann bin ich allerdings guter Dinge, dass wir ein gutes und erfolgreiches Ergebnis erreichen k\u00f6nnen. Wir brauchen den Konsens und Aktivit\u00e4ten aller Generationen von der Jungen Union bis zur Senioren Union\u201c, zeigte sie sich \u00fcberzeugt.<\/p>\n<p>Bei den turnusgem\u00e4\u00dfen Vorstandswahlen wurden in ihren \u00c4mtern best\u00e4tigt: Als Kreisvorsitzender Walter Lutz (Gro\u00dfrinderfeld), als Stellvertreter J\u00fcrgen K\u00fcchler (Wertheim), Marlies Petzl (Bad Mergentheim) und Norbert Seitz Werbach), als Schriftf\u00fchrer und Pressereferent Christian-Andreas Strube (Lauda-K\u00f6nigshofen) sowie als Internetbeauftragter Melchior D\u00f6hner (Tauberbischofsheim).<\/p>\n<p>Zu Beisitzern gew\u00e4hlt wurden G\u00fcnther Appold (Weikersheim), Alfons G\u00f6pfert (Wertheim), Dr. Renate Heinisch (Boxberg), Karlheinz Henninger, Hans Herschlein (beide Bad Mergentheim), Werner Honeck (Wertheim), Josef Ludwig (Lauda-K\u00f6nigshofen), Willy Sch\u00e4ffner (Tauberbischofsheim), Gudrun Schamann (Weikersheim), Helmut Versbach (Lauda-K\u00f6nigshofen) und Robert Weniger (Tauberbischofsheim).<\/p>\n<p>F\u00fcr 20-j\u00e4hrige Mitgliedschaft in der Senioren Union Main-Tauber wurden mit einer Ehrenurkunde ausgezeichnet: Heinz Raulf (Boxberg), Rosemarie Seyfried (Wertheim) sowie Brigitte und Bert Zeller (Wertheim)<\/p>\n<p>\u201eIch hoffe, dass die kommenden Jahre wieder einfacher werden als die vergangenen\u201c, meinte Walter Lutz, der sich zum Abschluss f\u00fcr das entgegengebrachte Vertrauen bedankte.[\/vc_column_text][\/vc_column][\/vc_row][vc_row bg_type=&#8220;bg_color&#8220; bg_override=&#8220;ex-full&#8220; type=&#8220;vc_default&#8220; margin_top=&#8220;-50&#8243; anchor=&#8220;about&#8220; bg_color_value=&#8220;#f8f8f9&#8243; css=&#8220;.vc_custom_1478939511057{padding-top: 40px !important;padding-bottom: 40px !important;}&#8220; el_id=&#8220;services&#8220;][vc_column]<div id=\"ultimate-heading-60986a04e90ab40b2\" class=\"uvc-heading ult-adjust-bottom-margin ultimate-heading-60986a04e90ab40b2 uvc-5070 \" data-hspacer=\"no_spacer\"  data-halign=\"center\" style=\"text-align:center\"><div class=\"uvc-heading-spacer no_spacer\" style=\"top\"><\/div><div class=\"uvc-main-heading ult-responsive\"  data-ultimate-target='.uvc-heading.ultimate-heading-60986a04e90ab40b2 h2'  data-responsive-json-new='{\"font-size\":\"desktop:40px;mobile_landscape:40px;\",\"line-height\":\"desktop:66px;mobile_landscape:50px;\"}' ><h2 style=\"--font-weight:theme;margin-bottom:5px;\">GRUSSWORT<\/h2><\/div><div class=\"uvc-sub-heading ult-responsive\"  data-ultimate-target='.uvc-heading.ultimate-heading-60986a04e90ab40b2 .uvc-sub-heading '  data-responsive-json-new='{\"font-size\":\"desktop:20px;mobile_landscape:20px;\",\"line-height\":\"desktop:36px;mobile_landscape:30px;\"}'  style=\"font-weight:normal;color:#adb0b6;margin-bottom:5px;\">des Kreisvorsitzenden Prof. Dr. Wolfgang Reinhart<\/div><\/div>[\/vc_column][\/vc_row][vc_row full_width=&#8220;stretch_row&#8220; bg_type=&#8220;bg_color&#8220; seperator_enable=&#8220;seperator_enable_value&#8220; seperator_type=&#8220;triangle_svg_seperator&#8220; seperator_svg_height=&#8220;30&#8243; seperator_shape_background=&#8220;#f8f8f9&#8243; type=&#8220;vc_default&#8220; margin_top=&#8220;85&#8243; margin_bottom=&#8220;20&#8243; css=&#8220;.vc_custom_1479917258305{padding-top: 90px !important;padding-bottom: 60px !important;background-color: #ffffff !important;}&#8220; bg_color_value=&#8220;#ffffff&#8220;][vc_column offset=&#8220;vc_col-lg-8 vc_col-md-8 vc_col-xs-12&#8243;][vc_custom_heading text=&#8220;Herzlich willkommen bei der CDU Main-Tauber!&#8220; font_container=&#8220;tag:h3|text_align:left&#8220; google_fonts=&#8220;font_family:Shadows%20Into%20Light%3Aregular|font_style:400%20regular%3A400%3Anormal&#8220; css_animation=&#8220;fadeIn&#8220;][vc_column_text css_animation=&#8220;fadeIn&#8220;]<em>Mit unserem Internetangebot des Kreisverbands Main-Tauber wollen wir Ihnen unsere Arbeit gerne n\u00e4her bringen und vorstellen. Informieren Sie sich \u00fcber aktuelle politische Themen und Entwicklungen, die Strukturen unseres Verbandes und aktuelle Termine. Falls wir Ihr Interesse geweckt haben, sprechen Sie uns gerne an, auch G\u00e4ste sind bei unseren Veranstaltungen immer herzlich willkommen. Unterst\u00fctzen Sie die CDU Main-Tauber mit Ihrem Engagement. So bleiben wir auch in Zukunft gemeinsam die st\u00e4rkste politische Kraft in der Region. Wir freuen uns auf Sie!<\/em><\/p>\n<p><em>Herzlichst<\/em>[\/vc_column_text][vc_custom_heading text=&#8220;Ihr Prof. Dr. Wolfgang Reinhart MdL, Kreisvorsitzender&#8220; font_container=&#8220;tag:h4|text_align:left&#8220; google_fonts=&#8220;font_family:Shadows%20Into%20Light%3Aregular|font_style:400%20regular%3A400%3Anormal&#8220; css_animation=&#8220;fadeIn&#8220;][\/vc_column][vc_column offset=&#8220;vc_col-lg-4 vc_col-md-4 vc_col-xs-12&#8243; css=&#8220;.vc_custom_1610358102208{padding-top: 10px !important;}&#8220;][vc_single_image image=&#8220;15079&#8243; img_size=&#8220;large&#8220;][\/vc_column][\/vc_row][vc_row bg_type=&#8220;bg_color&#8220; bg_override=&#8220;ex-full&#8220; type=&#8220;vc_default&#8220; margin_top=&#8220;-50&#8243; anchor=&#8220;about&#8220; bg_color_value=&#8220;#f8f8f9&#8243; css=&#8220;.vc_custom_1479030160197{padding-top: 40px !important;padding-bottom: 40px !important;}&#8220; el_id=&#8220;pricing&#8220;][vc_column]<div id=\"ultimate-heading-44986a04e90ab40d3\" class=\"uvc-heading ult-adjust-bottom-margin ultimate-heading-44986a04e90ab40d3 uvc-1605 \" data-hspacer=\"no_spacer\"  data-halign=\"center\" style=\"text-align:center\"><div class=\"uvc-heading-spacer no_spacer\" style=\"top\"><\/div><div class=\"uvc-main-heading ult-responsive\"  data-ultimate-target='.uvc-heading.ultimate-heading-44986a04e90ab40d3 h2'  data-responsive-json-new='{\"font-size\":\"desktop:40px;mobile_landscape:40px;\",\"line-height\":\"desktop:66px;mobile_landscape:50px;\"}' ><h2 style=\"--font-weight:theme;margin-bottom:5px;\">UNSER VERBAND<\/h2><\/div><div class=\"uvc-sub-heading ult-responsive\"  data-ultimate-target='.uvc-heading.ultimate-heading-44986a04e90ab40d3 .uvc-sub-heading '  data-responsive-json-new='{\"font-size\":\"desktop:20px;mobile_landscape:20px;\",\"line-height\":\"desktop:36px;mobile_landscape:30px;\"}'  style=\"font-weight:normal;color:#adb0b6;margin-bottom:5px;\">Gestaltung vor Ort.<\/div><\/div>[\/vc_column][\/vc_row][vc_row full_width=&#8220;stretch_row&#8220; bg_type=&#8220;bg_color&#8220; seperator_enable=&#8220;seperator_enable_value&#8220; seperator_type=&#8220;triangle_svg_seperator&#8220; seperator_svg_height=&#8220;30&#8243; seperator_shape_background=&#8220;#f8f8f9&#8243; type=&#8220;vc_default&#8220; margin_top=&#8220;70&#8243; margin_bottom=&#8220;85&#8243; css=&#8220;.vc_custom_1479031035461{padding-top: 80px !important;padding-bottom: 95px !important;background-color: #ffffff !important;}&#8220; bg_color_value=&#8220;#ffffff&#8220;][vc_column offset=&#8220;vc_col-lg-offset-1 vc_col-lg-10 vc_col-md-offset-1 vc_col-md-10 vc_col-sm-offset-0&#8243;][vc_row_inner equal_height=&#8220;yes&#8220; css=&#8220;.vc_custom_1479114323849{margin-top: -8px !important;}&#8220;][vc_column_inner width=&#8220;1\/2&#8243; css=&#8220;.vc_custom_1479919572958{padding-bottom: 30px !important;}&#8220;][vc_single_image image=&#8220;15238&#8243; img_size=&#8220;large&#8220; css_animation=&#8220;fadeIn&#8220;]<div id=\"ultimate-heading-80596a04e90ab40f3\" class=\"uvc-heading ult-adjust-bottom-margin ultimate-heading-80596a04e90ab40f3 uvc-8921 accent-border-color\" data-hspacer=\"no_spacer\"  data-halign=\"left\" style=\"text-align:left\"><div class=\"uvc-heading-spacer no_spacer\" style=\"top\"><\/div><div class=\"uvc-main-heading ult-responsive\"  data-ultimate-target='.uvc-heading.ultimate-heading-80596a04e90ab40f3 h2'  data-responsive-json-new='{\"font-size\":\"desktop:18px;\",\"line-height\":\"desktop:30px;\"}' ><h2 style=\"font-weight:bold;margin-bottom:12px;\">Vereinigungen<\/h2><\/div><div class=\"uvc-sub-heading ult-responsive\"  data-ultimate-target='.uvc-heading.ultimate-heading-80596a04e90ab40f3 .uvc-sub-heading '  data-responsive-json-new='{\"font-size\":\"\",\"line-height\":\"desktop:26px;\"}'  style=\"font-weight:normal;\"><\/p>\n<p align=\"justify\">Zu unserer starken CDU geh\u00f6ren traditionell auch unsere Vereinigungen, mit denen wir auch den vorpolitischen Raum erreichen m\u00f6chten. Gemeinsam mit Sch\u00fcler Union, Junger Union. Frauen Union, Senioren Union und der Mittelstandsvereinigung haben wir f\u00fcr nahezu jede Zielgruppe ein passendes Angebot. Eine lebendige Demokratie baut auch auf einer aktiven Mitarbeit auf. Hier entstehen politische Ideen im Kleinen und ganz konkret vor Ort.<\/p>\n<p><\/div><\/div>[\/vc_column_inner][vc_column_inner width=&#8220;1\/2&#8243; css=&#8220;.vc_custom_1479919579020{padding-bottom: 30px !important;}&#8220;][vc_single_image image=&#8220;15237&#8243; img_size=&#8220;large&#8220; css_animation=&#8220;fadeIn&#8220;]<div id=\"ultimate-heading-87586a04e90ab4110\" class=\"uvc-heading ult-adjust-bottom-margin ultimate-heading-87586a04e90ab4110 uvc-4568 accent-border-color\" data-hspacer=\"no_spacer\"  data-halign=\"left\" style=\"text-align:left\"><div class=\"uvc-heading-spacer no_spacer\" style=\"top\"><\/div><div class=\"uvc-main-heading ult-responsive\"  data-ultimate-target='.uvc-heading.ultimate-heading-87586a04e90ab4110 h2'  data-responsive-json-new='{\"font-size\":\"desktop:18px;\",\"line-height\":\"desktop:30px;\"}' ><h2 style=\"font-weight:bold;margin-bottom:12px;\">Kreistag<\/h2><\/div><div class=\"uvc-sub-heading ult-responsive\"  data-ultimate-target='.uvc-heading.ultimate-heading-87586a04e90ab4110 .uvc-sub-heading '  data-responsive-json-new='{\"font-size\":\"\",\"line-height\":\"desktop:26px;\"}'  style=\"font-weight:normal;\"><\/p>\n<p align=\"justify\">Seit vielen Jahren ist die CDU auch mit einer starken Fraktion im Kreistag des Main-Tauber-Kreises vertreten. Dieses Gremium entscheidet ma\u00dfgeblich \u00fcber die Entwicklungen im Landkreis und hat dabei Auswirkungen auf unser aller Leben. Wir setzen uns auch in diesem Parlament f\u00fcr die christlich Demokratischen Grunds\u00e4tze unserer Partei ein.<\/p>\n<p><\/div><\/div>[\/vc_column_inner][vc_column_inner css=&#8220;.vc_custom_1610358655589{padding-bottom: 30px !important;}&#8220;][vc_single_image image=&#8220;15240&#8243; img_size=&#8220;large&#8220; css_animation=&#8220;fadeIn&#8220;]<div id=\"ultimate-heading-22406a04e90ab412f\" class=\"uvc-heading ult-adjust-bottom-margin ultimate-heading-22406a04e90ab412f uvc-5048 accent-border-color\" data-hspacer=\"no_spacer\"  data-halign=\"left\" style=\"text-align:left\"><div class=\"uvc-heading-spacer no_spacer\" style=\"top\"><\/div><div class=\"uvc-main-heading ult-responsive\"  data-ultimate-target='.uvc-heading.ultimate-heading-22406a04e90ab412f h2'  data-responsive-json-new='{\"font-size\":\"desktop:18px;\",\"line-height\":\"desktop:30px;\"}' ><h2 style=\"font-weight:bold;margin-bottom:12px;\">Verb\u00e4nde<\/h2><\/div><div class=\"uvc-sub-heading ult-responsive\"  data-ultimate-target='.uvc-heading.ultimate-heading-22406a04e90ab412f .uvc-sub-heading '  data-responsive-json-new='{\"font-size\":\"\",\"line-height\":\"desktop:26px;\"}'  style=\"font-weight:normal;\"><\/p>\n<p align=\"justify\">Die Kraft unserer politischen Arbeit im Main-Tauber-Kreis entsteht ma\u00dfgeblich in den zahlreichen Orts- und Stadtverb\u00e4nden. Hier engagieren sich zahlreiche Menschen f\u00fcr die Politik in ihrer Heimat. Daf\u00fcr sind wir sehr dankbar, es ist in der heutigen Zeit oftmals keine Selbstverst\u00e4ndlichkeit mehr. Diese breite Basis erlaubt uns fr\u00fchzeitig auf Entwicklungen einzugehen und Positionen zu entwickeln. Das gro\u00dfe Vertrauen der Menschen bei den Kommunalwahlen bis hin zur Europawahl zeigt, dass die Union als Partei der Mitte hier auf dem richtigen Weg ist. Wir danken allen Mitgliedern, die sich oftmals seit vielen Jahren bereits in unseren Reihen tatkr\u00e4ftig engagieren. Das verstehen wir als CDU unter Volkspartei.<\/p>\n<p><\/div><\/div>[\/vc_column_inner][\/vc_row_inner][\/vc_column][\/vc_row]<\/p>\n","protected":false},"excerpt":{"rendered":"<p>[vc_row][vc_column css=&#8220;.vc_custom_1610357610786{padding-top: 90px !important;padding-bottom: 90px !important;}&#8220;][vc_custom_heading text=&#8220;Herzlich willkommen bei der CDU Main-Tauber!&#8220; font_container=&#8220;tag:h2|text_align:center&#8220; google_fonts=&#8220;font_family:Shadows%20Into%20Light%3Aregular|font_style:400%20regular%3A400%3Anormal&#8220; css_animation=&#8220;fadeIn&#8220;][vc_column_text]Wir als CDU-Kreisverband im Main-Tauber-Kreis sind seit vielen Jahren die st\u00e4rkste politische Kraft in der Region. Hierf\u00fcr danken wir den Menschen vor Ort herzlich. Mit unserer Politik f\u00fcr den l\u00e4ndlichen Raum ist es uns gelungen, unsere Heimat zu entwickeln und f\u00fcr&hellip;<\/p>\n","protected":false},"author":1,"featured_media":0,"parent":0,"menu_order":1,"comment_status":"closed","ping_status":"closed","template":"template-microsite.php","meta":[],"_links":{"self":[{"href":"https:\/\/cdu-main-tauber.de\/index.php?rest_route=\/wp\/v2\/pages\/592"}],"collection":[{"href":"https:\/\/cdu-main-tauber.de\/index.php?rest_route=\/wp\/v2\/pages"}],"about":[{"href":"https:\/\/cdu-main-tauber.de\/index.php?rest_route=\/wp\/v2\/types\/page"}],"author":[{"embeddable":true,"href":"https:\/\/cdu-main-tauber.de\/index.php?rest_route=\/wp\/v2\/users\/1"}],"replies":[{"embeddable":true,"href":"https:\/\/cdu-main-tauber.de\/index.php?rest_route=%2Fwp%2Fv2%2Fcomments&post=592"}],"version-history":[{"count":38,"href":"https:\/\/cdu-main-tauber.de\/index.php?rest_route=\/wp\/v2\/pages\/592\/revisions"}],"predecessor-version":[{"id":15265,"href":"https:\/\/cdu-main-tauber.de\/index.php?rest_route=\/wp\/v2\/pages\/592\/revisions\/15265"}],"wp:attachment":[{"href":"https:\/\/cdu-main-tauber.de\/index.php?rest_route=%2Fwp%2Fv2%2Fmedia&parent=592"}],"curies":[{"name":"wp","href":"https:\/\/api.w.org\/{rel}","templated":true}]}}